{"id":653,"date":"2021-03-24T13:37:40","date_gmt":"2021-03-24T13:37:40","guid":{"rendered":"https:\/\/residencialolival.com\/rechtliche-warnung\/"},"modified":"2021-03-24T13:37:41","modified_gmt":"2021-03-24T13:37:41","slug":"rechtliche-warnung","status":"publish","type":"page","link":"https:\/\/residencialolival.com\/de\/rechtliche-warnung\/","title":{"rendered":"Rechtliche Warnung"},"content":{"rendered":"\t\t<div data-elementor-type=\"wp-page\" data-elementor-id=\"653\" class=\"elementor elementor-653 elementor-131\" data-elementor-settings=\"[]\">\n\t\t\t\t\t\t\t<div class=\"elementor-section-wrap\">\n\t\t\t\t\t\t\t<section class=\"elementor-section elementor-top-section elementor-element elementor-element-42395f75 elementor-section-stretched elementor-section-boxed elementor-section-height-default elementor-section-height-default\" data-id=\"42395f75\" data-element_type=\"section\" data-settings=\"{&quot;stretch_section&quot;:&quot;section-stretched&quot;}\">\n\t\t\t\t\t\t<div class=\"elementor-container elementor-column-gap-default\">\n\t\t\t\t\t<div class=\"elementor-column elementor-col-100 elementor-top-column elementor-element elementor-element-d280c1e\" data-id=\"d280c1e\" data-element_type=\"column\">\n\t\t\t<div class=\"elementor-widget-wrap elementor-element-populated\">\n\t\t\t\t\t\t\t\t<div class=\"elementor-element elementor-element-1db5f827 elementor-widget elementor-widget-heading\" data-id=\"1db5f827\" data-element_type=\"widget\" data-widget_type=\"heading.default\">\n\t\t\t\t<div class=\"elementor-widget-container\">\n\t\t\t<h2 class=\"elementor-heading-title elementor-size-default\">Rechtliche Warnung<\/h2>\t\t<\/div>\n\t\t\t\t<\/div>\n\t\t\t\t<div class=\"elementor-element elementor-element-5281d09e elementor-widget elementor-widget-text-editor\" data-id=\"5281d09e\" data-element_type=\"widget\" data-widget_type=\"text-editor.default\">\n\t\t\t\t<div class=\"elementor-widget-container\">\n\t\t\t\t\t\t\t\t<p>Hallo! Ich bin \u00c1ngel Garrig\u00f3s Ripoll, Administrator von \u201eResidencial Olival\u201c, mit CIF 19976626E, Calle del Bolitx, Nummer 8 &#8211; Oliva, Valencia, Spanien, und per E-Mail an residencialolival@gmail.com.<\/p>\n\t\t\t\t\t\t<\/div>\n\t\t\t\t<\/div>\n\t\t\t\t<div class=\"elementor-element elementor-element-1e869716 elementor-widget elementor-widget-heading\" data-id=\"1e869716\" data-element_type=\"widget\" data-widget_type=\"heading.default\">\n\t\t\t\t<div class=\"elementor-widget-container\">\n\t\t\t<h2 class=\"elementor-heading-title elementor-size-default\">Geistigen Eigentums<\/h2>\t\t<\/div>\n\t\t\t\t<\/div>\n\t\t\t\t<div class=\"elementor-element elementor-element-61bdeab8 elementor-widget elementor-widget-text-editor\" data-id=\"61bdeab8\" data-element_type=\"widget\" data-widget_type=\"text-editor.default\">\n\t\t\t\t<div class=\"elementor-widget-container\">\n\t\t\t\t\t\t\t\t<p>Alle Inhalte und Ver\u00f6ffentlichungen meiner Website &#8211; Artikel, Beitr\u00e4ge, Seiten, Texte usw. &#8211; unterliegen dem Urheberrecht und den Rechten des geistigen Eigentums, deren Eigent\u00fcmer ich bin. Um sie nutzen zu k\u00f6nnen, muss eine Erlaubnis eingeholt werden und die Rechte werden mit vorheriger Zustimmung \u00fcbertragen. Diese Inhalte d\u00fcrfen nicht f\u00fcr kommerzielle Zwecke reproduziert oder verbreitet werden.<\/p>\n\t\t\t\t\t\t<\/div>\n\t\t\t\t<\/div>\n\t\t\t\t<div class=\"elementor-element elementor-element-46dff914 elementor-widget elementor-widget-heading\" data-id=\"46dff914\" data-element_type=\"widget\" data-widget_type=\"heading.default\">\n\t\t\t\t<div class=\"elementor-widget-container\">\n\t\t\t<h2 class=\"elementor-heading-title elementor-size-default\">Nutzungsregeln<\/h2>\t\t<\/div>\n\t\t\t\t<\/div>\n\t\t\t\t<div class=\"elementor-element elementor-element-3014c388 elementor-widget elementor-widget-text-editor\" data-id=\"3014c388\" data-element_type=\"widget\" data-widget_type=\"text-editor.default\">\n\t\t\t\t<div class=\"elementor-widget-container\">\n\t\t\t\t\t\t\t\t<p>Das Hauptthema ist Unterkunft und erg\u00e4nzendes Angebot.<\/p>\n<p>Benutzer, Leser oder Kunden, die auf die Website zugreifen, m\u00fcssen sowohl das Thema als auch die Dynamik der Website respektieren und die Dienste und Inhalte angemessen nutzen. Insbesondere:<\/p>\n<p>Verwenden Sie sie nicht zur Durchf\u00fchrung illegaler, illegaler oder gegen Treu und Glauben und gegen die \u00f6ffentliche Ordnung versto\u00dfender Aktivit\u00e4ten.<br \/>\nVerbreitung von Inhalten oder Propaganda, die rassistisch, fremdenfeindlich, pornografisch, zur Verteidigung des Terrorismus oder zur Verletzung der Menschenrechte sind.<\/p>\n<p>Wir behalten uns das Recht vor, Kommentare zu l\u00f6schen, wenn wir der Ansicht sind, dass sie gegen die oben genannten Bestimmungen versto\u00dfen. Und wir \u00fcbernehmen die Verantwortung f\u00fcr Kommentare Dritter auf unserer Website.<\/p>\n\t\t\t\t\t\t<\/div>\n\t\t\t\t<\/div>\n\t\t\t\t<div class=\"elementor-element elementor-element-69d8c78e elementor-widget elementor-widget-heading\" data-id=\"69d8c78e\" data-element_type=\"widget\" data-widget_type=\"heading.default\">\n\t\t\t\t<div class=\"elementor-widget-container\">\n\t\t\t<h2 class=\"elementor-heading-title elementor-size-default\">Datenschutz<\/h2>\t\t<\/div>\n\t\t\t\t<\/div>\n\t\t\t\t<div class=\"elementor-element elementor-element-50e1a28e elementor-widget elementor-widget-text-editor\" data-id=\"50e1a28e\" data-element_type=\"widget\" data-widget_type=\"text-editor.default\">\n\t\t\t\t<div class=\"elementor-widget-container\">\n\t\t\t\t\t\t\t\t<p>Diese Website entspricht den aktuellen Datenschutzbestimmungen (Organisches Gesetz 15\/1999 vom 13. Dezember zum Schutz personenbezogener Daten, K\u00f6nigliches Dekret 1720\/2007 vom 21. Dezember, das die Entwicklungsbestimmungen des Bio-Gesetzes und andere geltende Bestimmungen genehmigt). Weitere Informationen zum Umgang mit Ihren Daten und zur Kenntnis der Datenschutzbestimmungen dieser Website finden Sie in unseren Datenschutzbestimmungen.<\/p>\n\t\t\t\t\t\t<\/div>\n\t\t\t\t<\/div>\n\t\t\t\t<div class=\"elementor-element elementor-element-10eff640 elementor-widget elementor-widget-heading\" data-id=\"10eff640\" data-element_type=\"widget\" data-widget_type=\"heading.default\">\n\t\t\t\t<div class=\"elementor-widget-container\">\n\t\t\t<h2 class=\"elementor-heading-title elementor-size-default\">Haftungsausschluss<\/h2>\t\t<\/div>\n\t\t\t\t<\/div>\n\t\t\t\t<div class=\"elementor-element elementor-element-32a482c0 elementor-widget elementor-widget-text-editor\" data-id=\"32a482c0\" data-element_type=\"widget\" data-widget_type=\"text-editor.default\">\n\t\t\t\t<div class=\"elementor-widget-container\">\n\t\t\t\t\t\t\t\t<p>Wir sind unter keinen Umst\u00e4nden f\u00fcr Sch\u00e4den jeglicher Art verantwortlich, die durch den Besuch unserer Website, durch Fehler oder Auslassungen im Inhalt oder durch die \u00dcbertragung von Schadprogrammen verursacht werden, die trotz technologischer Ma\u00dfnahmen zur Vermeidung auftreten.<\/p>\n\t\t\t\t\t\t<\/div>\n\t\t\t\t<\/div>\n\t\t\t\t<div class=\"elementor-element elementor-element-727ece0 elementor-widget elementor-widget-heading\" data-id=\"727ece0\" data-element_type=\"widget\" data-widget_type=\"heading.default\">\n\t\t\t\t<div class=\"elementor-widget-container\">\n\t\t\t<h2 class=\"elementor-heading-title elementor-size-default\">Cookie-Richtlinie<\/h2>\t\t<\/div>\n\t\t\t\t<\/div>\n\t\t\t\t<div class=\"elementor-element elementor-element-49a4d79b elementor-widget elementor-widget-text-editor\" data-id=\"49a4d79b\" data-element_type=\"widget\" data-widget_type=\"text-editor.default\">\n\t\t\t\t<div class=\"elementor-widget-container\">\n\t\t\t\t\t\t\t\t<p>Diese Website verwendet Cookies, um die Verwendung zu erleichtern. Cookies sind kleine Informationsdateien, mit denen ich vergleichen und verstehen kann, wie Benutzer durch die Website navigieren, und auf diese Weise den Prozess und das Surferlebnis verbessern k\u00f6nnen. Die von mir verwendeten Cookies speichern keine pers\u00f6nlichen Daten oder Informationen, die Sie identifizieren k\u00f6nnen. Falls Sie keine Cookies erhalten m\u00f6chten, konfigurieren Sie Ihren Browser so, dass diese von der Festplatte Ihres Computers gel\u00f6scht, blockiert oder benachrichtigt werden, wenn sie installiert sind. Sie k\u00f6nnen Cookies auch ablehnen, wenn Sie ins Internet gehen, und wir werden den Besuch nicht verfolgen.<\/p>\n\t\t\t\t\t\t<\/div>\n\t\t\t\t<\/div>\n\t\t\t\t<div class=\"elementor-element elementor-element-485ff2b elementor-widget elementor-widget-heading\" data-id=\"485ff2b\" data-element_type=\"widget\" data-widget_type=\"heading.default\">\n\t\t\t\t<div class=\"elementor-widget-container\">\n\t\t\t<h2 class=\"elementor-heading-title elementor-size-default\">Cookie-Richtlinie<\/h2>\t\t<\/div>\n\t\t\t\t<\/div>\n\t\t\t\t<div class=\"elementor-element elementor-element-e612200 elementor-widget elementor-widget-text-editor\" data-id=\"e612200\" data-element_type=\"widget\" data-widget_type=\"text-editor.default\">\n\t\t\t\t<div class=\"elementor-widget-container\">\n\t\t\t\t\t\t\t\t<p>Dieser rechtliche Hinweis kann jederzeit unter Ber\u00fccksichtigung der Entwicklung dieser Website und der darin angebotenen Inhalte ge\u00e4ndert werden. In diesem Fall werden die Benutzer \u00fcber diese \u00c4nderungen informiert.<\/p>\n\t\t\t\t\t\t<\/div>\n\t\t\t\t<\/div>\n\t\t\t\t<div class=\"elementor-element elementor-element-110a7909 elementor-widget elementor-widget-spacer\" data-id=\"110a7909\" data-element_type=\"widget\" data-widget_type=\"spacer.default\">\n\t\t\t\t<div class=\"elementor-widget-container\">\n\t\t\t\t\t<div class=\"elementor-spacer\">\n\t\t\t<div class=\"elementor-spacer-inner\"><\/div>\n\t\t<\/div>\n\t\t\t\t<\/div>\n\t\t\t\t<\/div>\n\t\t\t\t\t<\/div>\n\t\t<\/div>\n\t\t\t\t\t\t\t<\/div>\n\t\t<\/section>\n\t\t\t\t\t\t<\/div>\n\t\t\t\t\t<\/div>\n\t\t","protected":false},"excerpt":{"rendered":"<p>Rechtliche Warnung Hallo! Ich bin \u00c1ngel Garrig\u00f3s Ripoll, Administrator von \u201eResidencial Olival\u201c, mit CIF 19976626E, Calle del Bolitx, Nummer 8 &#8211; Oliva, Valencia, Spanien, und per E-Mail an residencialolival@gmail.com. Geistigen Eigentums Alle Inhalte und Ver\u00f6ffentlichungen meiner Website &#8211; Artikel, Beitr\u00e4ge, Seiten, Texte usw. &#8211; unterliegen dem Urheberrecht und den Rechten des geistigen Eigentums, deren Eigent\u00fcmer &#8230; <a title=\"Rechtliche Warnung\" class=\"read-more\" href=\"https:\/\/residencialolival.com\/de\/rechtliche-warnung\/\" aria-label=\"Mehr bei Rechtliche Warnung\">Weiterlesen &#8230;<\/a><\/p>\n","protected":false},"author":1,"featured_media":0,"parent":0,"menu_order":0,"comment_status":"closed","ping_status":"closed","template":"","meta":[],"yoast_head":"<!-- This site is optimized with the Yoast SEO plugin v16.1.1 - https:\/\/yoast.com\/wordpress\/plugins\/seo\/ -->\n<title>Rechtliche Warnung - Residencial Olival<\/title>\n<meta property=\"og:locale\" content=\"de_DE\" \/>\n<meta property=\"og:type\" content=\"article\" \/>\n<meta property=\"og:title\" content=\"Rechtliche Warnung - Residencial Olival\" \/>\n<meta property=\"og:description\" content=\"Rechtliche Warnung Hallo! Ich bin \u00c1ngel Garrig\u00f3s Ripoll, Administrator von \u201eResidencial Olival\u201c, mit CIF 19976626E, Calle del Bolitx, Nummer 8 &#8211; Oliva, Valencia, Spanien, und per E-Mail an residencialolival@gmail.com. Geistigen Eigentums Alle Inhalte und Ver\u00f6ffentlichungen meiner Website &#8211; Artikel, Beitr\u00e4ge, Seiten, Texte usw. &#8211; unterliegen dem Urheberrecht und den Rechten des geistigen Eigentums, deren Eigent\u00fcmer ... Weiterlesen ...\" \/>\n<meta property=\"og:url\" content=\"https:\/\/residencialolival.com\/de\/rechtliche-warnung\/\" \/>\n<meta property=\"og:site_name\" content=\"Residencial Olival\" \/>\n<meta property=\"article:modified_time\" content=\"2021-03-24T13:37:41+00:00\" \/>\n<meta name=\"twitter:card\" content=\"summary_large_image\" \/>\n<meta name=\"twitter:label1\" content=\"Gesch\u00e4tzte Lesezeit\">\n\t<meta name=\"twitter:data1\" content=\"2\u00a0Minuten\">\n<script type=\"application\/ld+json\" class=\"yoast-schema-graph\">{\"@context\":\"https:\/\/schema.org\",\"@graph\":[{\"@type\":\"WebSite\",\"@id\":\"https:\/\/residencialolival.com\/#website\",\"url\":\"https:\/\/residencialolival.com\/\",\"name\":\"Residencial Olival\",\"description\":\"Apartamento a pie de playa en Valencia\",\"potentialAction\":[{\"@type\":\"SearchAction\",\"target\":\"https:\/\/residencialolival.com\/?s={search_term_string}\",\"query-input\":\"required name=search_term_string\"}],\"inLanguage\":\"de\"},{\"@type\":\"WebPage\",\"@id\":\"https:\/\/residencialolival.com\/de\/rechtliche-warnung\/#webpage\",\"url\":\"https:\/\/residencialolival.com\/de\/rechtliche-warnung\/\",\"name\":\"Rechtliche Warnung - Residencial Olival\",\"isPartOf\":{\"@id\":\"https:\/\/residencialolival.com\/#website\"},\"datePublished\":\"2021-03-24T13:37:40+00:00\",\"dateModified\":\"2021-03-24T13:37:41+00:00\",\"breadcrumb\":{\"@id\":\"https:\/\/residencialolival.com\/de\/rechtliche-warnung\/#breadcrumb\"},\"inLanguage\":\"de\",\"potentialAction\":[{\"@type\":\"ReadAction\",\"target\":[\"https:\/\/residencialolival.com\/de\/rechtliche-warnung\/\"]}]},{\"@type\":\"BreadcrumbList\",\"@id\":\"https:\/\/residencialolival.com\/de\/rechtliche-warnung\/#breadcrumb\",\"itemListElement\":[{\"@type\":\"ListItem\",\"position\":1,\"item\":{\"@type\":\"WebPage\",\"@id\":\"https:\/\/residencialolival.com\/\",\"url\":\"https:\/\/residencialolival.com\/\",\"name\":\"Portada\"}},{\"@type\":\"ListItem\",\"position\":2,\"item\":{\"@type\":\"WebPage\",\"@id\":\"https:\/\/residencialolival.com\/de\/rechtliche-warnung\/\",\"url\":\"https:\/\/residencialolival.com\/de\/rechtliche-warnung\/\",\"name\":\"Rechtliche Warnung\"}}]}]}<\/script>\n<!-- \/ Yoast SEO plugin. -->","_links":{"self":[{"href":"https:\/\/residencialolival.com\/de\/wp-json\/wp\/v2\/pages\/653"}],"collection":[{"href":"https:\/\/residencialolival.com\/de\/wp-json\/wp\/v2\/pages"}],"about":[{"href":"https:\/\/residencialolival.com\/de\/wp-json\/wp\/v2\/types\/page"}],"author":[{"embeddable":true,"href":"https:\/\/residencialolival.com\/de\/wp-json\/wp\/v2\/users\/1"}],"replies":[{"embeddable":true,"href":"https:\/\/residencialolival.com\/de\/wp-json\/wp\/v2\/comments?post=653"}],"version-history":[{"count":1,"href":"https:\/\/residencialolival.com\/de\/wp-json\/wp\/v2\/pages\/653\/revisions"}],"predecessor-version":[{"id":654,"href":"https:\/\/residencialolival.com\/de\/wp-json\/wp\/v2\/pages\/653\/revisions\/654"}],"wp:attachment":[{"href":"https:\/\/residencialolival.com\/de\/wp-json\/wp\/v2\/media?parent=653"}],"curies":[{"name":"wp","href":"https:\/\/api.w.org\/{rel}","templated":true}]}}