{"id":659,"date":"2021-03-24T15:29:26","date_gmt":"2021-03-24T15:29:26","guid":{"rendered":"https:\/\/residencialolival.com\/datenschutz-bestimmungen\/"},"modified":"2021-03-24T15:29:27","modified_gmt":"2021-03-24T15:29:27","slug":"datenschutz-bestimmungen","status":"publish","type":"page","link":"https:\/\/residencialolival.com\/de\/datenschutz-bestimmungen\/","title":{"rendered":"Datenschutz-Bestimmungen"},"content":{"rendered":"\t\t<div data-elementor-type=\"wp-page\" data-elementor-id=\"659\" class=\"elementor elementor-659 elementor-116\" data-elementor-settings=\"[]\">\n\t\t\t\t\t\t\t<div class=\"elementor-section-wrap\">\n\t\t\t\t\t\t\t<section class=\"elementor-section elementor-top-section elementor-element elementor-element-28ab63e elementor-section-stretched elementor-section-boxed elementor-section-height-default elementor-section-height-default\" data-id=\"28ab63e\" data-element_type=\"section\" data-settings=\"{&quot;stretch_section&quot;:&quot;section-stretched&quot;}\">\n\t\t\t\t\t\t<div class=\"elementor-container elementor-column-gap-default\">\n\t\t\t\t\t<div class=\"elementor-column elementor-col-100 elementor-top-column elementor-element elementor-element-612b2ff\" data-id=\"612b2ff\" data-element_type=\"column\">\n\t\t\t<div class=\"elementor-widget-wrap elementor-element-populated\">\n\t\t\t\t\t\t\t\t<div class=\"elementor-element elementor-element-4f35960 elementor-widget elementor-widget-heading\" data-id=\"4f35960\" data-element_type=\"widget\" data-widget_type=\"heading.default\">\n\t\t\t\t<div class=\"elementor-widget-container\">\n\t\t\t<h2 class=\"elementor-heading-title elementor-size-default\">Datenschutz-Bestimmungen<\/h2>\t\t<\/div>\n\t\t\t\t<\/div>\n\t\t\t\t<div class=\"elementor-element elementor-element-ca81510 elementor-widget elementor-widget-text-editor\" data-id=\"ca81510\" data-element_type=\"widget\" data-widget_type=\"text-editor.default\">\n\t\t\t\t<div class=\"elementor-widget-container\">\n\t\t\t\t\t\t\t\t<p>Ich bin \u00c1ngel Garrig\u00f3s Ripoll, Administrator von &#8222;Residencial Olival&#8220; mit CIF 19976626E Eigent\u00fcmer dieser Site. Wenn Sie mit uns Kontakt aufnehmen m\u00fcssen, k\u00f6nnen Sie dies tun, indem Sie eine E-Mail an residencialolival@gmail.com schreiben. Wir informieren Sie, dass diese Website http:\/\/residencialolival.com und das Unternehmen, das sie unterst\u00fctzt, den aktuellen spanischen und europ\u00e4ischen Datenschutzbestimmungen entsprechen.<\/p>\n\t\t\t\t\t\t<\/div>\n\t\t\t\t<\/div>\n\t\t\t\t<div class=\"elementor-element elementor-element-c24a12b elementor-widget elementor-widget-heading\" data-id=\"c24a12b\" data-element_type=\"widget\" data-widget_type=\"heading.default\">\n\t\t\t\t<div class=\"elementor-widget-container\">\n\t\t\t<h2 class=\"elementor-heading-title elementor-size-default\">Verantwortlich f\u00fcr die Verarbeitung personenbezogener Daten<\/h2>\t\t<\/div>\n\t\t\t\t<\/div>\n\t\t\t\t<div class=\"elementor-element elementor-element-507746e elementor-widget elementor-widget-text-editor\" data-id=\"507746e\" data-element_type=\"widget\" data-widget_type=\"text-editor.default\">\n\t\t\t\t<div class=\"elementor-widget-container\">\n\t\t\t\t\t\t\t\t<p>Die Person, die f\u00fcr die Behandlung der \u00fcber die Websites gesammelten Daten verantwortlich ist:<br \/>\n&#8211; www.residencialolival.com \/ www.residencialolival.es<br \/>\nEs ist das folgende Handelsunternehmen:<br \/>\nFirmenname: \u00c1ngel Garrig\u00f3s Ripoll<br \/>\nCIF: 19976626E<br \/>\nSitz der Gesellschaft: Calle del Bolitx, 8 Oliva, Valencia, Spanien<br \/>\nE-Mail: residencialolival@gmail.com<br \/>\nAktivit\u00e4t: Touristenunterkunft<\/p>\n\t\t\t\t\t\t<\/div>\n\t\t\t\t<\/div>\n\t\t\t\t<div class=\"elementor-element elementor-element-f2f1fa2 elementor-widget elementor-widget-heading\" data-id=\"f2f1fa2\" data-element_type=\"widget\" data-widget_type=\"heading.default\">\n\t\t\t\t<div class=\"elementor-widget-container\">\n\t\t\t<h2 class=\"elementor-heading-title elementor-size-default\">Zweck der Verarbeitung personenbezogener Daten<\/h2>\t\t<\/div>\n\t\t\t\t<\/div>\n\t\t\t\t<div class=\"elementor-element elementor-element-9533fe5 elementor-widget elementor-widget-text-editor\" data-id=\"9533fe5\" data-element_type=\"widget\" data-widget_type=\"text-editor.default\">\n\t\t\t\t<div class=\"elementor-widget-container\">\n\t\t\t\t\t\t\t\t<p>Para que puedas navegar por nuestra web, no es necesario que nos facilites ning\u00fan dato. Los casos en los que si nos das tus datos son los siguientes:<\/p>\n<p>Cuando te suscribes a nuestra newsletter.<br \/>\nCuando nos escribes mediante el formulario de contacto.<br \/>\nCuando nos mandas un email.<br \/>\nCuando comentas en nuestro blog.<br \/>\nCuando eres nuestro cliente, proveedor o colaborador.<br \/>\nCuando haces una reserva a trav\u00e9s de nuestra web.<\/p>\n<p>En cada caso, tus datos podr\u00e1n ser incorporados a un fichero, del cual \u00c1ngel Garrig\u00f3s Ripoll\u00a0es responsable de su gesti\u00f3n y tratamiento.<br \/>\nLa seguridad de tus datos est\u00e1 garantizada, ya que tomamos todas las medidas de seguridad necesarias para ello. Solo usaremos dichos datos para la finalidad que nos los has dado.<\/p>\n<p>Concretamente, cuando te suscribes a nuestra newsletter, recibir\u00e1s novedades de nuestra web, informaci\u00f3n comercial y\/o publicitaria de nuestros servicios. No te preocupes, no cederemos tus datos a terceros.<\/p>\n<p>Los datos personales proporcionados se conservar\u00e1n mientras se mantenga la relaci\u00f3n comercial entre las dos partes o hasta que nos solicites la eliminaci\u00f3n de los mismos.<\/p>\n\t\t\t\t\t\t<\/div>\n\t\t\t\t<\/div>\n\t\t\t\t<div class=\"elementor-element elementor-element-7fb599c elementor-widget elementor-widget-heading\" data-id=\"7fb599c\" data-element_type=\"widget\" data-widget_type=\"heading.default\">\n\t\t\t\t<div class=\"elementor-widget-container\">\n\t\t\t<h2 class=\"elementor-heading-title elementor-size-default\">Legitimation<\/h2>\t\t<\/div>\n\t\t\t\t<\/div>\n\t\t\t\t<div class=\"elementor-element elementor-element-7d3dd10 elementor-widget elementor-widget-text-editor\" data-id=\"7d3dd10\" data-element_type=\"widget\" data-widget_type=\"text-editor.default\">\n\t\t\t\t<div class=\"elementor-widget-container\">\n\t\t\t\t\t\t\t\t<p>Die Rechtm\u00e4\u00dfigkeit f\u00fcr die Verwendung Ihrer pers\u00f6nlichen Daten ergibt sich ausschlie\u00dflich aus Ihrer Zustimmung, frei, spezifisch, informiert und eindeutig. Sie haben jederzeit das Recht, Ihre Einwilligung zu widerrufen.<\/p>\n\t\t\t\t\t\t<\/div>\n\t\t\t\t<\/div>\n\t\t\t\t<div class=\"elementor-element elementor-element-5e79991 elementor-widget elementor-widget-heading\" data-id=\"5e79991\" data-element_type=\"widget\" data-widget_type=\"heading.default\">\n\t\t\t\t<div class=\"elementor-widget-container\">\n\t\t\t<h2 class=\"elementor-heading-title elementor-size-default\">Empf\u00e4nger<\/h2>\t\t<\/div>\n\t\t\t\t<\/div>\n\t\t\t\t<div class=\"elementor-element elementor-element-25ba5f9 elementor-widget elementor-widget-text-editor\" data-id=\"25ba5f9\" data-element_type=\"widget\" data-widget_type=\"text-editor.default\">\n\t\t\t\t<div class=\"elementor-widget-container\">\n\t\t\t\t\t\t\t\t<p>F\u00fcr die Verarbeitung der Daten haben wir folgende externe Dienstleister beauftragt, die die geltenden Datenschutzbestimmungen einhalten:<\/p>\n<p>STRATO AG<br \/>\nPascalstra\u00dfe 10<br \/>\n10587 Berlin (Deutschland)<\/p>\n<p>Strato AG. (gekennzeichnet mit der Marke STRATO), mit Adresse in der Pascalstra\u00dfe 10<br \/>\n10587 Berlin (Deutschland), das Webhosting-Dienste anbietet. Sie k\u00f6nnen die Datenschutzrichtlinie und andere rechtliche Aspekte des Unternehmens unter folgendem Link einsehen: https:\/\/www.strato.es\/proteccion-de-datos\/<\/p>\n<p>AvaiBook online, S.L. (gekennzeichnet mit der Marke AvaiBook), mit Adresse bei c \/ Bari, Technocenter, ofi. 002. 50197 Zaragoza (SPANIEN). Eingetragen im Handelsregister von Saragossa (SPANIEN), Band 3774, Buch 0, Folio 119, Seite Z50074, Datum 26.04.2010 &#8211; CIF: ES-B99279622, das direkte Reservierungsdienste \u00fcber das Internet anbietet. Sie k\u00f6nnen die Datenschutzbestimmungen einsehen und andere rechtliche Aspekte des Unternehmens unter folgendem Link: https:\/\/www.avaibook.com\/politica_privacidad.php?lang=es<\/p>\n\t\t\t\t\t\t<\/div>\n\t\t\t\t<\/div>\n\t\t\t\t<div class=\"elementor-element elementor-element-0bd3b1e elementor-widget elementor-widget-heading\" data-id=\"0bd3b1e\" data-element_type=\"widget\" data-widget_type=\"heading.default\">\n\t\t\t\t<div class=\"elementor-widget-container\">\n\t\t\t<h2 class=\"elementor-heading-title elementor-size-default\">Rechte<\/h2>\t\t<\/div>\n\t\t\t\t<\/div>\n\t\t\t\t<div class=\"elementor-element elementor-element-323773b elementor-widget elementor-widget-text-editor\" data-id=\"323773b\" data-element_type=\"widget\" data-widget_type=\"text-editor.default\">\n\t\t\t\t<div class=\"elementor-widget-container\">\n\t\t\t\t\t\t\t\t<p>Benutzer, die uns ihre Daten auf eine der oben beschriebenen Arten zur Verf\u00fcgung stellen, haben die Befugnis, die Rechte auf Zugriff auf ihre Daten, Berichtigung oder L\u00f6schung, Einschr\u00e4nkung und Widerspruch in Bezug auf die in ihren Dateien enthaltenen Daten auszu\u00fcben.<br \/>\nBenutzer, die auf ihre Daten zugreifen, diese korrigieren oder stornieren m\u00f6chten, k\u00f6nnen uns jederzeit eine E-Mail an residencialolival@gmail.com senden. Wir erkl\u00e4ren Ihnen, wie Sie ihre Rechte aus\u00fcben k\u00f6nnen.<\/p>\n<p>Abschlie\u00dfend m\u00f6chten wir Sie daran erinnern, dass beim Zugriff auf diese Website m\u00f6glicherweise Cookies verwendet werden. Wie Sie wissen, handelt es sich dabei um Informationen, die in Ihrem Browser gespeichert werden, um die Navigation zu erleichtern. Wir hinterlassen Ihnen den Link, damit Sie unsere Cookie-Richtlinie einsehen k\u00f6nnen. Wenn Sie Fragen zur Verarbeitung Ihrer Daten und zu Ihrer Privatsph\u00e4re haben, schreiben Sie uns.<\/p>\n\t\t\t\t\t\t<\/div>\n\t\t\t\t<\/div>\n\t\t\t\t<div class=\"elementor-element elementor-element-1f94214 elementor-widget elementor-widget-spacer\" data-id=\"1f94214\" data-element_type=\"widget\" data-widget_type=\"spacer.default\">\n\t\t\t\t<div class=\"elementor-widget-container\">\n\t\t\t\t\t<div class=\"elementor-spacer\">\n\t\t\t<div class=\"elementor-spacer-inner\"><\/div>\n\t\t<\/div>\n\t\t\t\t<\/div>\n\t\t\t\t<\/div>\n\t\t\t\t\t<\/div>\n\t\t<\/div>\n\t\t\t\t\t\t\t<\/div>\n\t\t<\/section>\n\t\t\t\t\t\t<\/div>\n\t\t\t\t\t<\/div>\n\t\t","protected":false},"excerpt":{"rendered":"<p>Datenschutz-Bestimmungen Ich bin \u00c1ngel Garrig\u00f3s Ripoll, Administrator von &#8222;Residencial Olival&#8220; mit CIF 19976626E Eigent\u00fcmer dieser Site. Wenn Sie mit uns Kontakt aufnehmen m\u00fcssen, k\u00f6nnen Sie dies tun, indem Sie eine E-Mail an residencialolival@gmail.com schreiben. Wir informieren Sie, dass diese Website http:\/\/residencialolival.com und das Unternehmen, das sie unterst\u00fctzt, den aktuellen spanischen und europ\u00e4ischen Datenschutzbestimmungen entsprechen. Verantwortlich &#8230; <a title=\"Datenschutz-Bestimmungen\" class=\"read-more\" href=\"https:\/\/residencialolival.com\/de\/datenschutz-bestimmungen\/\" aria-label=\"Mehr bei Datenschutz-Bestimmungen\">Weiterlesen &#8230;<\/a><\/p>\n","protected":false},"author":1,"featured_media":0,"parent":0,"menu_order":0,"comment_status":"closed","ping_status":"closed","template":"","meta":[],"yoast_head":"<!-- This site is optimized with the Yoast SEO plugin v16.1.1 - https:\/\/yoast.com\/wordpress\/plugins\/seo\/ -->\n<title>Datenschutz-Bestimmungen - Residencial Olival<\/title>\n<meta property=\"og:locale\" content=\"de_DE\" \/>\n<meta property=\"og:type\" content=\"article\" \/>\n<meta property=\"og:title\" content=\"Datenschutz-Bestimmungen - Residencial Olival\" \/>\n<meta property=\"og:description\" content=\"Datenschutz-Bestimmungen Ich bin \u00c1ngel Garrig\u00f3s Ripoll, Administrator von &#8222;Residencial Olival&#8220; mit CIF 19976626E Eigent\u00fcmer dieser Site. Wenn Sie mit uns Kontakt aufnehmen m\u00fcssen, k\u00f6nnen Sie dies tun, indem Sie eine E-Mail an residencialolival@gmail.com schreiben. Wir informieren Sie, dass diese Website http:\/\/residencialolival.com und das Unternehmen, das sie unterst\u00fctzt, den aktuellen spanischen und europ\u00e4ischen Datenschutzbestimmungen entsprechen. Verantwortlich ... Weiterlesen ...\" \/>\n<meta property=\"og:url\" content=\"https:\/\/residencialolival.com\/de\/datenschutz-bestimmungen\/\" \/>\n<meta property=\"og:site_name\" content=\"Residencial Olival\" \/>\n<meta property=\"article:modified_time\" content=\"2021-03-24T15:29:27+00:00\" \/>\n<meta name=\"twitter:card\" content=\"summary_large_image\" \/>\n<meta name=\"twitter:label1\" content=\"Gesch\u00e4tzte Lesezeit\">\n\t<meta name=\"twitter:data1\" content=\"3\u00a0Minuten\">\n<script type=\"application\/ld+json\" class=\"yoast-schema-graph\">{\"@context\":\"https:\/\/schema.org\",\"@graph\":[{\"@type\":\"WebSite\",\"@id\":\"https:\/\/residencialolival.com\/#website\",\"url\":\"https:\/\/residencialolival.com\/\",\"name\":\"Residencial Olival\",\"description\":\"Apartamento a pie de playa en Valencia\",\"potentialAction\":[{\"@type\":\"SearchAction\",\"target\":\"https:\/\/residencialolival.com\/?s={search_term_string}\",\"query-input\":\"required name=search_term_string\"}],\"inLanguage\":\"de\"},{\"@type\":\"WebPage\",\"@id\":\"https:\/\/residencialolival.com\/de\/datenschutz-bestimmungen\/#webpage\",\"url\":\"https:\/\/residencialolival.com\/de\/datenschutz-bestimmungen\/\",\"name\":\"Datenschutz-Bestimmungen - Residencial Olival\",\"isPartOf\":{\"@id\":\"https:\/\/residencialolival.com\/#website\"},\"datePublished\":\"2021-03-24T15:29:26+00:00\",\"dateModified\":\"2021-03-24T15:29:27+00:00\",\"breadcrumb\":{\"@id\":\"https:\/\/residencialolival.com\/de\/datenschutz-bestimmungen\/#breadcrumb\"},\"inLanguage\":\"de\",\"potentialAction\":[{\"@type\":\"ReadAction\",\"target\":[\"https:\/\/residencialolival.com\/de\/datenschutz-bestimmungen\/\"]}]},{\"@type\":\"BreadcrumbList\",\"@id\":\"https:\/\/residencialolival.com\/de\/datenschutz-bestimmungen\/#breadcrumb\",\"itemListElement\":[{\"@type\":\"ListItem\",\"position\":1,\"item\":{\"@type\":\"WebPage\",\"@id\":\"https:\/\/residencialolival.com\/\",\"url\":\"https:\/\/residencialolival.com\/\",\"name\":\"Portada\"}},{\"@type\":\"ListItem\",\"position\":2,\"item\":{\"@type\":\"WebPage\",\"@id\":\"https:\/\/residencialolival.com\/de\/datenschutz-bestimmungen\/\",\"url\":\"https:\/\/residencialolival.com\/de\/datenschutz-bestimmungen\/\",\"name\":\"Datenschutz-Bestimmungen\"}}]}]}<\/script>\n<!-- \/ Yoast SEO plugin. -->","_links":{"self":[{"href":"https:\/\/residencialolival.com\/de\/wp-json\/wp\/v2\/pages\/659"}],"collection":[{"href":"https:\/\/residencialolival.com\/de\/wp-json\/wp\/v2\/pages"}],"about":[{"href":"https:\/\/residencialolival.com\/de\/wp-json\/wp\/v2\/types\/page"}],"author":[{"embeddable":true,"href":"https:\/\/residencialolival.com\/de\/wp-json\/wp\/v2\/users\/1"}],"replies":[{"embeddable":true,"href":"https:\/\/residencialolival.com\/de\/wp-json\/wp\/v2\/comments?post=659"}],"version-history":[{"count":1,"href":"https:\/\/residencialolival.com\/de\/wp-json\/wp\/v2\/pages\/659\/revisions"}],"predecessor-version":[{"id":660,"href":"https:\/\/residencialolival.com\/de\/wp-json\/wp\/v2\/pages\/659\/revisions\/660"}],"wp:attachment":[{"href":"https:\/\/residencialolival.com\/de\/wp-json\/wp\/v2\/media?parent=659"}],"curies":[{"name":"wp","href":"https:\/\/api.w.org\/{rel}","templated":true}]}}